{"id":339,"date":"2023-02-10T21:02:15","date_gmt":"2023-02-10T21:02:15","guid":{"rendered":"https:\/\/kivensq.kehityssivusto.fi\/wp\/?page_id=339"},"modified":"2023-11-02T10:56:53","modified_gmt":"2023-11-02T10:56:53","slug":"varaa","status":"publish","type":"page","link":"https:\/\/dev.kivenlahtisquash.fi\/wpadmin\/varaa\/","title":{"rendered":"Varaa"},"content":{"rendered":"\t\t<div data-elementor-type=\"wp-page\" data-elementor-id=\"339\" class=\"elementor elementor-339\" data-elementor-post-type=\"page\">\n\t\t\t\t\t\t\t\t\t<section class=\"elementor-section elementor-top-section elementor-element elementor-element-3f1e7b9 elementor-section-boxed elementor-section-height-default elementor-section-height-default\" data-id=\"3f1e7b9\" data-element_type=\"section\">\n\t\t\t\t\t\t<div class=\"elementor-container elementor-column-gap-default\">\n\t\t\t\t\t<div class=\"elementor-column elementor-col-100 elementor-top-column elementor-element elementor-element-a0ba864\" data-id=\"a0ba864\" data-element_type=\"column\">\n\t\t\t<div class=\"elementor-widget-wrap elementor-element-populated\">\n\t\t\t\t\t\t\t\t<div class=\"elementor-element elementor-element-64caa37 elementor-widget elementor-widget-heading\" data-id=\"64caa37\" data-element_type=\"widget\" data-widget_type=\"heading.default\">\n\t\t\t\t<div class=\"elementor-widget-container\">\n\t\t\t<style>\/*! elementor - v3.17.0 - 08-11-2023 *\/\n.elementor-heading-title{padding:0;margin:0;line-height:1}.elementor-widget-heading .elementor-heading-title[class*=elementor-size-]>a{color:inherit;font-size:inherit;line-height:inherit}.elementor-widget-heading .elementor-heading-title.elementor-size-small{font-size:15px}.elementor-widget-heading .elementor-heading-title.elementor-size-medium{font-size:19px}.elementor-widget-heading .elementor-heading-title.elementor-size-large{font-size:29px}.elementor-widget-heading .elementor-heading-title.elementor-size-xl{font-size:39px}.elementor-widget-heading .elementor-heading-title.elementor-size-xxl{font-size:59px}<\/style><h1 class=\"elementor-heading-title elementor-size-default\"><span style=\"font-weight: normal;\">Ohjeita ja kent\u00e4n varaamiseen<\/span><\/h1>\t\t<\/div>\n\t\t\t\t<\/div>\n\t\t\t\t\t<\/div>\n\t\t<\/div>\n\t\t\t\t\t\t\t<\/div>\n\t\t<\/section>\n\t\t\t\t<section class=\"elementor-section elementor-top-section elementor-element elementor-element-c951d1e elementor-section-boxed elementor-section-height-default elementor-section-height-default\" data-id=\"c951d1e\" data-element_type=\"section\">\n\t\t\t\t\t\t<div class=\"elementor-container elementor-column-gap-default\">\n\t\t\t\t\t<div class=\"elementor-column elementor-col-50 elementor-top-column elementor-element elementor-element-0337b7c\" data-id=\"0337b7c\" data-element_type=\"column\">\n\t\t\t<div class=\"elementor-widget-wrap elementor-element-populated\">\n\t\t\t\t\t\t\t\t<div class=\"elementor-element elementor-element-58de7b0 elementor-widget elementor-widget-text-editor\" data-id=\"58de7b0\" data-element_type=\"widget\" data-widget_type=\"text-editor.default\">\n\t\t\t\t<div class=\"elementor-widget-container\">\n\t\t\t<style>\/*! elementor - v3.17.0 - 08-11-2023 *\/\n.elementor-widget-text-editor.elementor-drop-cap-view-stacked .elementor-drop-cap{background-color:#69727d;color:#fff}.elementor-widget-text-editor.elementor-drop-cap-view-framed .elementor-drop-cap{color:#69727d;border:3px solid;background-color:transparent}.elementor-widget-text-editor:not(.elementor-drop-cap-view-default) .elementor-drop-cap{margin-top:8px}.elementor-widget-text-editor:not(.elementor-drop-cap-view-default) .elementor-drop-cap-letter{width:1em;height:1em}.elementor-widget-text-editor .elementor-drop-cap{float:left;text-align:center;line-height:1;font-size:50px}.elementor-widget-text-editor .elementor-drop-cap-letter{display:inline-block}<\/style>\t\t\t\t<h5 style=\"font-family: Poppins, sans-serif; color: #7a7a7a;\"><span style=\"font-weight: bolder;\">Halli toimii itsepalveluperiaatteella!<\/span><\/h5><p style=\"font-family: Poppins, sans-serif;\">\u2013 Ovikoodi (PIN-koodi):<\/p><ul style=\"font-size: 16px; background-color: #ffffff; font-family: Poppins, sans-serif;\"><li style=\"font-size: 16px;\">Varausj\u00e4rjestelm\u00e4 luo sinulle oman koodin. L\u00f6yd\u00e4t sen varauksen vahvistuksesta sek\u00e4 varausj\u00e4rjestelm\u00e4n Omat tiedot -osiosta.<\/li><\/ul><p style=\"font-family: Poppins, sans-serif;\">\u2013 Oven avaaminen (PIN-koodilla):<\/p><ul style=\"font-size: 16px; background-color: #ffffff; font-family: Poppins, sans-serif;\"><li style=\"font-size: 16px;\">N\u00e4pp\u00e4ile PIN-koodi ja #. Ovi aukeaa.\u00a0<\/li><li style=\"font-size: 16px;\">PIN-koodi on aktiivinen ja ovi avautuu vain 20min ennen\u00a0\u00a0kentt\u00e4varausta sek\u00e4 sen j\u00e4lkeen.<\/li><\/ul>\t\t\t\t\t\t<\/div>\n\t\t\t\t<\/div>\n\t\t\t\t\t<\/div>\n\t\t<\/div>\n\t\t\t\t<div class=\"elementor-column elementor-col-50 elementor-top-column elementor-element elementor-element-81ef0e0\" data-id=\"81ef0e0\" data-element_type=\"column\">\n\t\t\t<div class=\"elementor-widget-wrap elementor-element-populated\">\n\t\t\t\t\t\t\t\t<div class=\"elementor-element elementor-element-4ed7bf2 elementor-widget elementor-widget-text-editor\" data-id=\"4ed7bf2\" data-element_type=\"widget\" data-widget_type=\"text-editor.default\">\n\t\t\t\t<div class=\"elementor-widget-container\">\n\t\t\t\t\t\t\t<h5 style=\"font-family: Poppins, sans-serif; color: #7a7a7a;\"><span style=\"font-weight: bolder;\">Hallin valaistus:\u00a0<\/span><\/h5><p style=\"font-family: Poppins, sans-serif;\">\u2013 Kenttien valot syttyv\u00e4t automaattisesti liiketunnistimella.\u00a0<\/p><p style=\"font-family: Poppins, sans-serif;\">\u2013 Mik\u00e4li l\u00e4hdet hallilta eik\u00e4 sinne muita j\u00e4\u00e4, niin ole yst\u00e4v\u00e4llinen ja sammuta muut valot.\u00a0<\/p>\t\t\t\t\t\t<\/div>\n\t\t\t\t<\/div>\n\t\t\t\t\t<\/div>\n\t\t<\/div>\n\t\t\t\t\t\t\t<\/div>\n\t\t<\/section>\n\t\t\t\t<section class=\"elementor-section elementor-top-section elementor-element elementor-element-6b2f98e6 elementor-section-content-middle elementor-section-boxed elementor-section-height-default elementor-section-height-default\" data-id=\"6b2f98e6\" data-element_type=\"section\" data-settings=\"{&quot;background_background&quot;:&quot;classic&quot;}\">\n\t\t\t\t\t\t<div class=\"elementor-container elementor-column-gap-no\">\n\t\t\t\t\t<div class=\"elementor-column elementor-col-100 elementor-top-column elementor-element elementor-element-31fd66b8\" data-id=\"31fd66b8\" data-element_type=\"column\">\n\t\t\t<div class=\"elementor-widget-wrap elementor-element-populated\">\n\t\t\t\t\t\t\t\t<div class=\"elementor-element elementor-element-1ef1f00f elementor-widget elementor-widget-heading\" data-id=\"1ef1f00f\" data-element_type=\"widget\" data-widget_type=\"heading.default\">\n\t\t\t\t<div class=\"elementor-widget-container\">\n\t\t\t<h2 class=\"elementor-heading-title elementor-size-default\">Kent\u00e4n varaaminen <\/h2>\t\t<\/div>\n\t\t\t\t<\/div>\n\t\t\t\t<section class=\"elementor-section elementor-inner-section elementor-element elementor-element-535529b8 elementor-section-boxed elementor-section-height-default elementor-section-height-default\" data-id=\"535529b8\" data-element_type=\"section\">\n\t\t\t\t\t\t<div class=\"elementor-container elementor-column-gap-default\">\n\t\t\t\t\t<div class=\"elementor-column elementor-col-50 elementor-inner-column elementor-element elementor-element-692e14c\" data-id=\"692e14c\" data-element_type=\"column\">\n\t\t\t<div class=\"elementor-widget-wrap elementor-element-populated\">\n\t\t\t\t\t\t\t\t<div class=\"elementor-element elementor-element-68520977 elementor-widget elementor-widget-text-editor\" data-id=\"68520977\" data-element_type=\"widget\" data-widget_type=\"text-editor.default\">\n\t\t\t\t<div class=\"elementor-widget-container\">\n\t\t\t\t\t\t\t<h5><strong>Kent\u00e4n varaaminen:\u00a0<\/strong><\/h5><ul><li>Kirjaudu vaurausj\u00e4rjestelm\u00e4\u00e4n \/ rekister\u00f6idy j\u00e4rjestelm\u00e4\u00e4n<ul><li>Varaa vuoro.<\/li><li>Saat ovikoodin varauksen yhteydess\u00e4. Koodi aktivoituu 20min ennen varauksen alkua.<\/li><\/ul><\/li><\/ul>\t\t\t\t\t\t<\/div>\n\t\t\t\t<\/div>\n\t\t\t\t\t<\/div>\n\t\t<\/div>\n\t\t\t\t<div class=\"elementor-column elementor-col-50 elementor-inner-column elementor-element elementor-element-3a4b8d8d\" data-id=\"3a4b8d8d\" data-element_type=\"column\">\n\t\t\t<div class=\"elementor-widget-wrap elementor-element-populated\">\n\t\t\t\t\t\t\t\t<div class=\"elementor-element elementor-element-45876cf4 elementor-widget elementor-widget-text-editor\" data-id=\"45876cf4\" data-element_type=\"widget\" data-widget_type=\"text-editor.default\">\n\t\t\t\t<div class=\"elementor-widget-container\">\n\t\t\t\t\t\t\t<h5 style=\"font-family: Poppins, sans-serif; color: #ffffff;\"><span style=\"font-weight: bolder;\">Smartum- ja Epassin -liikuntaeduilla maksaminen:\u00a0<\/span><\/h5><ul style=\"font-size: 16px; background-color: #1d3557;\"><li style=\"font-size: 16px;\">Arvon talletus onnistuu nyt helposti suoraan verkossa!<\/li><li style=\"font-size: 16px;\">Kirjaudu tilillesi &gt; Omat tiedot &gt; Talleta liikuntaetua saldoosi &gt; k\u00e4yt\u00e4 saldoa varatessasi vuoroja.\u00a0<\/li><\/ul><h5><strong>Ole meihin yhteydess\u00e4 kun:\u00a0<\/strong><\/h5><ul><li>Olet kiinnostunut vakiovuorosta.<\/li><li>Olet kiinnostunut mailan ostamisesta.\u00a0<\/li><\/ul>\t\t\t\t\t\t<\/div>\n\t\t\t\t<\/div>\n\t\t\t\t\t<\/div>\n\t\t<\/div>\n\t\t\t\t\t\t\t<\/div>\n\t\t<\/section>\n\t\t\t\t<div class=\"elementor-element elementor-element-302c60c0 elementor-align-center elementor-widget elementor-widget-button\" data-id=\"302c60c0\" data-element_type=\"widget\" data-widget_type=\"button.default\">\n\t\t\t\t<div class=\"elementor-widget-container\">\n\t\t\t\t\t<div class=\"elementor-button-wrapper\">\n\t\t\t<a class=\"elementor-button elementor-button-link elementor-size-lg elementor-animation-grow\" href=\"https:\/\/kivenlahtisquash.cintoia.com\/\">\n\t\t\t\t\t\t<span class=\"elementor-button-content-wrapper\">\n\t\t\t\t\t\t<span class=\"elementor-button-text\">Varaa vuoro!<\/span>\n\t\t<\/span>\n\t\t\t\t\t<\/a>\n\t\t<\/div>\n\t\t\t\t<\/div>\n\t\t\t\t<\/div>\n\t\t\t\t\t<\/div>\n\t\t<\/div>\n\t\t\t\t\t\t\t<\/div>\n\t\t<\/section>\n\t\t\t\t\t\t\t<\/div>\n\t\t","protected":false},"excerpt":{"rendered":"<p>Ohjeita ja kent\u00e4n varaamiseen Halli toimii itsepalveluperiaatteella! \u2013 Ovikoodi (PIN-koodi): Varausj\u00e4rjestelm\u00e4 luo sinulle oman koodin. L\u00f6yd\u00e4t sen varauksen vahvistuksesta sek\u00e4 varausj\u00e4rjestelm\u00e4n Omat tiedot -osiosta. \u2013 Oven avaaminen (PIN-koodilla): N\u00e4pp\u00e4ile PIN-koodi ja #. Ovi aukeaa.\u00a0 PIN-koodi on aktiivinen ja ovi avautuu vain 20min ennen\u00a0\u00a0kentt\u00e4varausta sek\u00e4 sen j\u00e4lkeen. Hallin valaistus:\u00a0 \u2013 Kenttien valot syttyv\u00e4t automaattisesti liiketunnistimella.\u00a0 \u2013 [&hellip;]<\/p>\n","protected":false},"author":1,"featured_media":0,"parent":0,"menu_order":0,"comment_status":"closed","ping_status":"closed","template":"elementor_header_footer","meta":{"_eb_attr":"","footnotes":""},"class_list":["post-339","page","type-page","status-publish","hentry"],"_links":{"self":[{"href":"https:\/\/dev.kivenlahtisquash.fi\/wpadmin\/wp-json\/wp\/v2\/pages\/339","targetHints":{"allow":["GET"]}}],"collection":[{"href":"https:\/\/dev.kivenlahtisquash.fi\/wpadmin\/wp-json\/wp\/v2\/pages"}],"about":[{"href":"https:\/\/dev.kivenlahtisquash.fi\/wpadmin\/wp-json\/wp\/v2\/types\/page"}],"author":[{"embeddable":true,"href":"https:\/\/dev.kivenlahtisquash.fi\/wpadmin\/wp-json\/wp\/v2\/users\/1"}],"replies":[{"embeddable":true,"href":"https:\/\/dev.kivenlahtisquash.fi\/wpadmin\/wp-json\/wp\/v2\/comments?post=339"}],"version-history":[{"count":92,"href":"https:\/\/dev.kivenlahtisquash.fi\/wpadmin\/wp-json\/wp\/v2\/pages\/339\/revisions"}],"predecessor-version":[{"id":1101,"href":"https:\/\/dev.kivenlahtisquash.fi\/wpadmin\/wp-json\/wp\/v2\/pages\/339\/revisions\/1101"}],"wp:attachment":[{"href":"https:\/\/dev.kivenlahtisquash.fi\/wpadmin\/wp-json\/wp\/v2\/media?parent=339"}],"curies":[{"name":"wp","href":"https:\/\/api.w.org\/{rel}","templated":true}]}}