{"id":14,"date":"2022-12-29T15:04:08","date_gmt":"2022-12-29T15:04:08","guid":{"rendered":"https:\/\/kivensq.kehityssivusto.fi\/wp\/?page_id=14"},"modified":"2023-03-27T03:35:05","modified_gmt":"2023-03-27T03:35:05","slug":"halli","status":"publish","type":"page","link":"https:\/\/dev.kivenlahtisquash.fi\/wpadmin\/halli\/","title":{"rendered":"Halli"},"content":{"rendered":"\t\t<div data-elementor-type=\"wp-page\" data-elementor-id=\"14\" class=\"elementor elementor-14\" data-elementor-post-type=\"page\">\n\t\t\t\t\t\t\t\t\t<section class=\"elementor-section elementor-top-section elementor-element elementor-element-07f8944 elementor-section-boxed elementor-section-height-default elementor-section-height-default\" data-id=\"07f8944\" data-element_type=\"section\">\n\t\t\t\t\t\t<div class=\"elementor-container elementor-column-gap-default\">\n\t\t\t\t\t<div class=\"elementor-column elementor-col-100 elementor-top-column elementor-element elementor-element-165fff2\" data-id=\"165fff2\" data-element_type=\"column\">\n\t\t\t<div class=\"elementor-widget-wrap elementor-element-populated\">\n\t\t\t\t\t\t\t\t<div class=\"elementor-element elementor-element-b6c03c2 elementor-widget elementor-widget-heading\" data-id=\"b6c03c2\" data-element_type=\"widget\" data-widget_type=\"heading.default\">\n\t\t\t\t<div class=\"elementor-widget-container\">\n\t\t\t<style>\/*! elementor - v3.17.0 - 08-11-2023 *\/\n.elementor-heading-title{padding:0;margin:0;line-height:1}.elementor-widget-heading .elementor-heading-title[class*=elementor-size-]>a{color:inherit;font-size:inherit;line-height:inherit}.elementor-widget-heading .elementor-heading-title.elementor-size-small{font-size:15px}.elementor-widget-heading .elementor-heading-title.elementor-size-medium{font-size:19px}.elementor-widget-heading .elementor-heading-title.elementor-size-large{font-size:29px}.elementor-widget-heading .elementor-heading-title.elementor-size-xl{font-size:39px}.elementor-widget-heading .elementor-heading-title.elementor-size-xxl{font-size:59px}<\/style><h2 class=\"elementor-heading-title elementor-size-default\"><span style=\"font-weight: normal;\">Halli t\u00e4ynn\u00e4 perinteit\u00e4 ja tunnelmaa<\/span><\/h2>\t\t<\/div>\n\t\t\t\t<\/div>\n\t\t\t\t\t<\/div>\n\t\t<\/div>\n\t\t\t\t\t\t\t<\/div>\n\t\t<\/section>\n\t\t\t\t<section class=\"elementor-section elementor-top-section elementor-element elementor-element-9daa70f elementor-section-boxed elementor-section-height-default elementor-section-height-default\" data-id=\"9daa70f\" data-element_type=\"section\">\n\t\t\t\t\t\t<div class=\"elementor-container elementor-column-gap-default\">\n\t\t\t\t\t<div class=\"elementor-column elementor-col-50 elementor-top-column elementor-element elementor-element-f9c886c\" data-id=\"f9c886c\" data-element_type=\"column\">\n\t\t\t<div class=\"elementor-widget-wrap elementor-element-populated\">\n\t\t\t\t\t\t\t\t<div class=\"elementor-element elementor-element-86b0cb5 elementor-widget elementor-widget-text-editor\" data-id=\"86b0cb5\" data-element_type=\"widget\" data-widget_type=\"text-editor.default\">\n\t\t\t\t<div class=\"elementor-widget-container\">\n\t\t\t<style>\/*! elementor - v3.17.0 - 08-11-2023 *\/\n.elementor-widget-text-editor.elementor-drop-cap-view-stacked .elementor-drop-cap{background-color:#69727d;color:#fff}.elementor-widget-text-editor.elementor-drop-cap-view-framed .elementor-drop-cap{color:#69727d;border:3px solid;background-color:transparent}.elementor-widget-text-editor:not(.elementor-drop-cap-view-default) .elementor-drop-cap{margin-top:8px}.elementor-widget-text-editor:not(.elementor-drop-cap-view-default) .elementor-drop-cap-letter{width:1em;height:1em}.elementor-widget-text-editor .elementor-drop-cap{float:left;text-align:center;line-height:1;font-size:50px}.elementor-widget-text-editor .elementor-drop-cap-letter{display:inline-block}<\/style>\t\t\t\t<p><span style=\"font-weight: bolder;\">Helppo tulla ja viihty\u00e4:\u00a0<\/span><\/p><p style=\"font-family: Poppins, sans-serif;\">&#8211; Hyv\u00e4t liikenneyhteydet. Metro on ihan\u00a0 vieress\u00e4<\/p><p style=\"font-family: Poppins, sans-serif;\">&#8211; Saat veloituksetta mailat lainaksi, mik\u00e4li tarvitset!<\/p><ul style=\"font-size: 16px; background-color: #ffffff; font-family: Poppins, sans-serif;\"><li style=\"font-size: 16px;\">Sek\u00e4 squash, squash 57 ett\u00e4 pingis mailat palloineen<\/li><\/ul><div><span style=\"font-family: Poppins, sans-serif;\">\u00a0<\/span><\/div><div>\u00a0<\/div><div><p>&#8211; Huippulaadukkaita Harrow- ja Karakal -squashmailoja myynniss\u00e4 pk-seudun edullisimpaan hintaan.\u00a0\u00a0<\/p><ul style=\"font-size: 16px; background-color: #ffffff; font-family: Poppins, sans-serif;\"><li style=\"font-size: 16px;\">Mailoja harrastajille ja kilpapelaajille.<\/li><li style=\"font-size: 16px;\">Maila on aina testattava ennen ostoa. Meill\u00e4 sen onnistuu!<\/li><\/ul><\/div><p>\u00a0<\/p>\t\t\t\t\t\t<\/div>\n\t\t\t\t<\/div>\n\t\t\t\t\t<\/div>\n\t\t<\/div>\n\t\t\t\t<div class=\"elementor-column elementor-col-50 elementor-top-column elementor-element elementor-element-ae84a3e\" data-id=\"ae84a3e\" data-element_type=\"column\">\n\t\t\t<div class=\"elementor-widget-wrap elementor-element-populated\">\n\t\t\t\t\t\t\t\t<div class=\"elementor-element elementor-element-cabf182 elementor-widget elementor-widget-text-editor\" data-id=\"cabf182\" data-element_type=\"widget\" data-widget_type=\"text-editor.default\">\n\t\t\t\t<div class=\"elementor-widget-container\">\n\t\t\t\t\t\t\t<p><span style=\"font-weight: bolder;\">Aktiivinen itsepalveluhalli:<\/span><\/p><p>\u2013 Aloittelija:<\/p><ul><li style=\"font-size: 16px;\">Kysy meilt\u00e4 vinkkej\u00e4 oikean pallon valintaan. Halutessasi pelata t\u00e4ysin ilman muiden katseita, varaa kentt\u00e4 4.<\/li><li style=\"font-size: 16px;\">Kokeile squash kurssia ja p\u00e4\u00e4set nopeati lajiin sis\u00e4\u00e4n.<br \/><br \/><\/li><\/ul><p>\u2013 Harrastaja:<\/p><ul style=\"font-size: 16px; background-color: #ffffff;\"><li style=\"font-size: 16px;\"><span style=\"background-color: transparent;\">Kokeile squash kurssia ja n\u00e4et lajista uusia puolia.<\/span><\/li><li style=\"font-size: 16px;\">Tule mukaan valmennusryhmiin ja ESRC ry:n seurailtaan.<br \/><br \/><\/li><\/ul><p>&#8211; Juniori:<\/p><ul style=\"font-size: 16px; background-color: #ffffff;\"><li style=\"font-size: 16px;\">Espoo Squash Rackets Club ry j\u00e4rjest\u00e4\u00e4 hallilla aktiivisesti my\u00f6s juniorivalmennusta. Kysy ryhmist\u00e4 lis\u00e4\u00e4!<br \/><br \/>Lue lis\u00e4\u00e4 uutisistamme sek\u00e4 valmennuksesta: <span style=\"color: #0000ff;\"><a style=\"color: #0000ff;\" href=\"https:\/\/www.esrc.fi\/\">esrc.fi<\/a><\/span><\/li><\/ul>\t\t\t\t\t\t<\/div>\n\t\t\t\t<\/div>\n\t\t\t\t\t<\/div>\n\t\t<\/div>\n\t\t\t\t\t\t\t<\/div>\n\t\t<\/section>\n\t\t\t\t<section class=\"elementor-section elementor-top-section elementor-element elementor-element-c87b225 elementor-section-content-middle elementor-section-boxed elementor-section-height-default elementor-section-height-default\" data-id=\"c87b225\" data-element_type=\"section\">\n\t\t\t\t\t\t<div class=\"elementor-container elementor-column-gap-no\">\n\t\t\t\t\t<div class=\"elementor-column elementor-col-50 elementor-top-column elementor-element elementor-element-2daf47b\" data-id=\"2daf47b\" data-element_type=\"column\">\n\t\t\t<div class=\"elementor-widget-wrap elementor-element-populated\">\n\t\t\t\t\t\t\t\t<div class=\"elementor-element elementor-element-3d2ed9b elementor-widget elementor-widget-image\" data-id=\"3d2ed9b\" data-element_type=\"widget\" data-widget_type=\"image.default\">\n\t\t\t\t<div class=\"elementor-widget-container\">\n\t\t\t<style>\/*! elementor - v3.17.0 - 08-11-2023 *\/\n.elementor-widget-image{text-align:center}.elementor-widget-image a{display:inline-block}.elementor-widget-image a img[src$=\".svg\"]{width:48px}.elementor-widget-image img{vertical-align:middle;display:inline-block}<\/style>\t\t\t\t\t\t\t\t\t\t\t\t<img loading=\"lazy\" decoding=\"async\" width=\"220\" height=\"222\" src=\"https:\/\/dev.kivenlahtisquash.fi\/wpadmin\/wp-content\/uploads\/2023\/01\/pp.png\" class=\"attachment-full size-full wp-image-226\" alt=\"\" srcset=\"https:\/\/dev.kivenlahtisquash.fi\/wpadmin\/wp-content\/uploads\/2023\/01\/pp.png 220w, https:\/\/dev.kivenlahtisquash.fi\/wpadmin\/wp-content\/uploads\/2023\/01\/pp-150x150.png 150w\" sizes=\"auto, (max-width: 220px) 100vw, 220px\" \/>\t\t\t\t\t\t\t\t\t\t\t\t\t\t\t<\/div>\n\t\t\t\t<\/div>\n\t\t\t\t\t<\/div>\n\t\t<\/div>\n\t\t\t\t<div class=\"elementor-column elementor-col-50 elementor-top-column elementor-element elementor-element-8284472\" data-id=\"8284472\" data-element_type=\"column\">\n\t\t\t<div class=\"elementor-widget-wrap elementor-element-populated\">\n\t\t\t\t\t\t\t\t<div class=\"elementor-element elementor-element-9317ce5 elementor-view-default elementor-widget elementor-widget-icon\" data-id=\"9317ce5\" data-element_type=\"widget\" data-widget_type=\"icon.default\">\n\t\t\t\t<div class=\"elementor-widget-container\">\n\t\t\t\t\t<div class=\"elementor-icon-wrapper\">\n\t\t\t<div class=\"elementor-icon\">\n\t\t\t<i aria-hidden=\"true\" class=\"fas fa-quote-left\"><\/i>\t\t\t<\/div>\n\t\t<\/div>\n\t\t\t\t<\/div>\n\t\t\t\t<\/div>\n\t\t\t\t<div class=\"elementor-element elementor-element-188c821 elementor-widget elementor-widget-text-editor\" data-id=\"188c821\" data-element_type=\"widget\" data-widget_type=\"text-editor.default\">\n\t\t\t\t<div class=\"elementor-widget-container\">\n\t\t\t\t\t\t\t<p>Hei!<\/p><p>Olen Vaaralan Eino. Squash on intohimoni ja hallin pit\u00e4minen on minulle harrastus. Tai jopa hyvin rakas harrastus. Virossa olen toiminut halliyritt\u00e4j\u00e4n\u00e4 15-vuotta.<\/p><p>En hae itselleni hallista palkkaa tai muita tuottoja, vaan investoin kaiken liiketoiminnan tuoton hallin kunnostamiseen ja toiminnan kehitt\u00e4miseen.<\/p><p>Squash on maailman hienoin asia maailmassa ja se tuo meille suunnatonta iloa. Se motivoi minua py\u00f6ritt\u00e4m\u00e4\u00e4n hallia!<\/p><p>PS.\u00a0 Yst\u00e4v\u00e4llisesti pyyt\u00e4isin sinua tukemaan hallitoiminnan jatkamista Kivenlahdessa seuraamalla &amp; jakamalla p\u00e4ivityksi\u00e4mme Facebookissa ja Instagramissa (@kivenlahtisquash)<\/p>\t\t\t\t\t\t<\/div>\n\t\t\t\t<\/div>\n\t\t\t\t<div class=\"elementor-element elementor-element-c03c8fc elementor-view-default elementor-widget elementor-widget-icon\" data-id=\"c03c8fc\" data-element_type=\"widget\" data-widget_type=\"icon.default\">\n\t\t\t\t<div class=\"elementor-widget-container\">\n\t\t\t\t\t<div class=\"elementor-icon-wrapper\">\n\t\t\t<div class=\"elementor-icon\">\n\t\t\t<i aria-hidden=\"true\" class=\"fas fa-quote-left\"><\/i>\t\t\t<\/div>\n\t\t<\/div>\n\t\t\t\t<\/div>\n\t\t\t\t<\/div>\n\t\t\t\t\t<\/div>\n\t\t<\/div>\n\t\t\t\t\t\t\t<\/div>\n\t\t<\/section>\n\t\t\t\t\t\t\t<\/div>\n\t\t","protected":false},"excerpt":{"rendered":"<p>Halli t\u00e4ynn\u00e4 perinteit\u00e4 ja tunnelmaa Helppo tulla ja viihty\u00e4:\u00a0 &#8211; Hyv\u00e4t liikenneyhteydet. Metro on ihan\u00a0 vieress\u00e4 &#8211; Saat veloituksetta mailat lainaksi, mik\u00e4li tarvitset! Sek\u00e4 squash, squash 57 ett\u00e4 pingis mailat palloineen \u00a0\u00a0 &#8211; Huippulaadukkaita Harrow- ja Karakal -squashmailoja myynniss\u00e4 pk-seudun edullisimpaan hintaan.\u00a0\u00a0 Mailoja harrastajille ja kilpapelaajille. Maila on aina testattava ennen ostoa. Meill\u00e4 sen onnistuu! [&hellip;]<\/p>\n","protected":false},"author":1,"featured_media":0,"parent":0,"menu_order":0,"comment_status":"closed","ping_status":"closed","template":"elementor_header_footer","meta":{"_eb_attr":"","footnotes":""},"class_list":["post-14","page","type-page","status-publish","hentry"],"_links":{"self":[{"href":"https:\/\/dev.kivenlahtisquash.fi\/wpadmin\/wp-json\/wp\/v2\/pages\/14","targetHints":{"allow":["GET"]}}],"collection":[{"href":"https:\/\/dev.kivenlahtisquash.fi\/wpadmin\/wp-json\/wp\/v2\/pages"}],"about":[{"href":"https:\/\/dev.kivenlahtisquash.fi\/wpadmin\/wp-json\/wp\/v2\/types\/page"}],"author":[{"embeddable":true,"href":"https:\/\/dev.kivenlahtisquash.fi\/wpadmin\/wp-json\/wp\/v2\/users\/1"}],"replies":[{"embeddable":true,"href":"https:\/\/dev.kivenlahtisquash.fi\/wpadmin\/wp-json\/wp\/v2\/comments?post=14"}],"version-history":[{"count":104,"href":"https:\/\/dev.kivenlahtisquash.fi\/wpadmin\/wp-json\/wp\/v2\/pages\/14\/revisions"}],"predecessor-version":[{"id":865,"href":"https:\/\/dev.kivenlahtisquash.fi\/wpadmin\/wp-json\/wp\/v2\/pages\/14\/revisions\/865"}],"wp:attachment":[{"href":"https:\/\/dev.kivenlahtisquash.fi\/wpadmin\/wp-json\/wp\/v2\/media?parent=14"}],"curies":[{"name":"wp","href":"https:\/\/api.w.org\/{rel}","templated":true}]}}